{"id":18,"date":"2023-10-25T18:27:29","date_gmt":"2023-10-25T21:27:29","guid":{"rendered":"https:\/\/cardiovidadf.com.br\/?page_id=18"},"modified":"2023-11-10T15:08:46","modified_gmt":"2023-11-10T18:08:46","slug":"servicos","status":"publish","type":"page","link":"https:\/\/cardiovidadf.com.br\/?page_id=18","title":{"rendered":"Contato"},"content":{"rendered":"\t\t<div data-elementor-type=\"wp-page\" data-elementor-id=\"18\" class=\"elementor elementor-18\" data-elementor-post-type=\"page\">\n\t\t\t\t\t\t\t\t\t<section class=\"elementor-section elementor-top-section elementor-element elementor-element-6fb3514 elementor-section-boxed elementor-section-height-default elementor-section-height-default\" data-id=\"6fb3514\" data-element_type=\"section\">\n\t\t\t\t\t\t<div class=\"elementor-container elementor-column-gap-default\">\n\t\t\t\t\t<div class=\"elementor-column elementor-col-100 elementor-top-column elementor-element elementor-element-4f24854\" data-id=\"4f24854\" data-element_type=\"column\">\n\t\t\t<div class=\"elementor-widget-wrap elementor-element-populated\">\n\t\t\t\t\t\t\t\t<div class=\"elementor-element elementor-element-d7e288e elementor-widget elementor-widget-heading\" data-id=\"d7e288e\" data-element_type=\"widget\" data-widget_type=\"heading.default\">\n\t\t\t\t<div class=\"elementor-widget-container\">\n\t\t\t<style>\/*! elementor - v3.17.0 - 25-10-2023 *\/\n.elementor-heading-title{padding:0;margin:0;line-height:1}.elementor-widget-heading .elementor-heading-title[class*=elementor-size-]>a{color:inherit;font-size:inherit;line-height:inherit}.elementor-widget-heading .elementor-heading-title.elementor-size-small{font-size:15px}.elementor-widget-heading .elementor-heading-title.elementor-size-medium{font-size:19px}.elementor-widget-heading .elementor-heading-title.elementor-size-large{font-size:29px}.elementor-widget-heading .elementor-heading-title.elementor-size-xl{font-size:39px}.elementor-widget-heading .elementor-heading-title.elementor-size-xxl{font-size:59px}<\/style><h2 class=\"elementor-heading-title elementor-size-default\">AGENDAMENTO<\/h2>\t\t<\/div>\n\t\t\t\t<\/div>\n\t\t\t\t<div class=\"elementor-element elementor-element-4a7803a elementor-widget elementor-widget-text-editor\" data-id=\"4a7803a\" data-element_type=\"widget\" data-widget_type=\"text-editor.default\">\n\t\t\t\t<div class=\"elementor-widget-container\">\n\t\t\t<style>\/*! elementor - v3.17.0 - 25-10-2023 *\/\n.elementor-widget-text-editor.elementor-drop-cap-view-stacked .elementor-drop-cap{background-color:#69727d;color:#fff}.elementor-widget-text-editor.elementor-drop-cap-view-framed .elementor-drop-cap{color:#69727d;border:3px solid;background-color:transparent}.elementor-widget-text-editor:not(.elementor-drop-cap-view-default) .elementor-drop-cap{margin-top:8px}.elementor-widget-text-editor:not(.elementor-drop-cap-view-default) .elementor-drop-cap-letter{width:1em;height:1em}.elementor-widget-text-editor .elementor-drop-cap{float:left;text-align:center;line-height:1;font-size:50px}.elementor-widget-text-editor .elementor-drop-cap-letter{display:inline-block}<\/style>\t\t\t\t<p>Entre em contato com nossa equipe para fazer o seu agendamento<\/p>\t\t\t\t\t\t<\/div>\n\t\t\t\t<\/div>\n\t\t\t\t<div class=\"elementor-element elementor-element-b154205 elementor-widget elementor-widget-menu-anchor\" data-id=\"b154205\" data-element_type=\"widget\" data-widget_type=\"menu-anchor.default\">\n\t\t\t\t<div class=\"elementor-widget-container\">\n\t\t\t<style>\/*! elementor - v3.17.0 - 25-10-2023 *\/\nbody.elementor-page .elementor-widget-menu-anchor{margin-bottom:0}<\/style>\t\t<div id=\"_form_ancora\" class=\"elementor-menu-anchor\"><\/div>\n\t\t\t\t<\/div>\n\t\t\t\t<\/div>\n\t\t\t\t<div class=\"elementor-element elementor-element-c46f6c7 elementor-align-justify elementor-widget elementor-widget-button\" data-id=\"c46f6c7\" data-element_type=\"widget\" data-widget_type=\"button.default\">\n\t\t\t\t<div class=\"elementor-widget-container\">\n\t\t\t\t\t<div class=\"elementor-button-wrapper\">\n\t\t\t<a class=\"elementor-button elementor-button-link elementor-size-lg elementor-animation-pulse\" href=\"https:\/\/api.whatsapp.com\/send\/?phone=556130518300&#038;text&#038;type=phone_number&#038;app_absent=0\">\n\t\t\t\t\t\t<span class=\"elementor-button-content-wrapper\">\n\t\t\t\t\t\t<span class=\"elementor-button-icon elementor-align-icon-left\">\n\t\t\t\t<i aria-hidden=\"true\" class=\"fab fa-whatsapp\"><\/i>\t\t\t<\/span>\n\t\t\t\t\t\t<span class=\"elementor-button-text\">Agendar via whatsapp<\/span>\n\t\t<\/span>\n\t\t\t\t\t<\/a>\n\t\t<\/div>\n\t\t\t\t<\/div>\n\t\t\t\t<\/div>\n\t\t\t\t<div class=\"elementor-element elementor-element-f4463d8 elementor-button-align-stretch elementor-widget elementor-widget-form\" data-id=\"f4463d8\" data-element_type=\"widget\" data-settings=\"{&quot;step_next_label&quot;:&quot;Next&quot;,&quot;step_previous_label&quot;:&quot;Previous&quot;,&quot;button_width&quot;:&quot;100&quot;,&quot;step_type&quot;:&quot;number_text&quot;,&quot;step_icon_shape&quot;:&quot;circle&quot;}\" data-widget_type=\"form.default\">\n\t\t\t\t<div class=\"elementor-widget-container\">\n\t\t\t<style>\/*! elementor-pro - v3.17.0 - 01-11-2023 *\/\n.elementor-button.elementor-hidden,.elementor-hidden{display:none}.e-form__step{width:100%}.e-form__step:not(.elementor-hidden){display:flex;flex-wrap:wrap}.e-form__buttons{flex-wrap:wrap}.e-form__buttons,.e-form__buttons__wrapper{display:flex}.e-form__indicators{display:flex;justify-content:space-between;align-items:center;flex-wrap:nowrap;font-size:13px;margin-bottom:var(--e-form-steps-indicators-spacing)}.e-form__indicators__indicator{display:flex;flex-direction:column;align-items:center;justify-content:center;flex-basis:0;padding:0 var(--e-form-steps-divider-gap)}.e-form__indicators__indicator__progress{width:100%;position:relative;background-color:var(--e-form-steps-indicator-progress-background-color);border-radius:var(--e-form-steps-indicator-progress-border-radius);overflow:hidden}.e-form__indicators__indicator__progress__meter{width:var(--e-form-steps-indicator-progress-meter-width,0);height:var(--e-form-steps-indicator-progress-height);line-height:var(--e-form-steps-indicator-progress-height);padding-right:15px;border-radius:var(--e-form-steps-indicator-progress-border-radius);background-color:var(--e-form-steps-indicator-progress-color);color:var(--e-form-steps-indicator-progress-meter-color);text-align:right;transition:width .1s linear}.e-form__indicators__indicator:first-child{padding-left:0}.e-form__indicators__indicator:last-child{padding-right:0}.e-form__indicators__indicator--state-inactive{color:var(--e-form-steps-indicator-inactive-primary-color,#c2cbd2)}.e-form__indicators__indicator--state-inactive [class*=indicator--shape-]:not(.e-form__indicators__indicator--shape-none){background-color:var(--e-form-steps-indicator-inactive-secondary-color,#fff)}.e-form__indicators__indicator--state-inactive object,.e-form__indicators__indicator--state-inactive svg{fill:var(--e-form-steps-indicator-inactive-primary-color,#c2cbd2)}.e-form__indicators__indicator--state-active{color:var(--e-form-steps-indicator-active-primary-color,#39b54a);border-color:var(--e-form-steps-indicator-active-secondary-color,#fff)}.e-form__indicators__indicator--state-active [class*=indicator--shape-]:not(.e-form__indicators__indicator--shape-none){background-color:var(--e-form-steps-indicator-active-secondary-color,#fff)}.e-form__indicators__indicator--state-active object,.e-form__indicators__indicator--state-active svg{fill:var(--e-form-steps-indicator-active-primary-color,#39b54a)}.e-form__indicators__indicator--state-completed{color:var(--e-form-steps-indicator-completed-secondary-color,#fff)}.e-form__indicators__indicator--state-completed [class*=indicator--shape-]:not(.e-form__indicators__indicator--shape-none){background-color:var(--e-form-steps-indicator-completed-primary-color,#39b54a)}.e-form__indicators__indicator--state-completed .e-form__indicators__indicator__label{color:var(--e-form-steps-indicator-completed-primary-color,#39b54a)}.e-form__indicators__indicator--state-completed .e-form__indicators__indicator--shape-none{color:var(--e-form-steps-indicator-completed-primary-color,#39b54a);background-color:initial}.e-form__indicators__indicator--state-completed object,.e-form__indicators__indicator--state-completed svg{fill:var(--e-form-steps-indicator-completed-secondary-color,#fff)}.e-form__indicators__indicator__icon{width:var(--e-form-steps-indicator-padding,30px);height:var(--e-form-steps-indicator-padding,30px);font-size:var(--e-form-steps-indicator-icon-size);border-width:1px;border-style:solid;display:flex;justify-content:center;align-items:center;overflow:hidden;margin-bottom:10px}.e-form__indicators__indicator__icon img,.e-form__indicators__indicator__icon object,.e-form__indicators__indicator__icon svg{width:var(--e-form-steps-indicator-icon-size);height:auto}.e-form__indicators__indicator__icon .e-font-icon-svg{height:1em}.e-form__indicators__indicator__number{width:var(--e-form-steps-indicator-padding,30px);height:var(--e-form-steps-indicator-padding,30px);border-width:1px;border-style:solid;display:flex;justify-content:center;align-items:center;margin-bottom:10px}.e-form__indicators__indicator--shape-circle{border-radius:50%}.e-form__indicators__indicator--shape-square{border-radius:0}.e-form__indicators__indicator--shape-rounded{border-radius:5px}.e-form__indicators__indicator--shape-none{border:0}.e-form__indicators__indicator__label{text-align:center}.e-form__indicators__indicator__separator{width:100%;height:var(--e-form-steps-divider-width);background-color:#babfc5}.e-form__indicators--type-icon,.e-form__indicators--type-icon_text,.e-form__indicators--type-number,.e-form__indicators--type-number_text{align-items:flex-start}.e-form__indicators--type-icon .e-form__indicators__indicator__separator,.e-form__indicators--type-icon_text .e-form__indicators__indicator__separator,.e-form__indicators--type-number .e-form__indicators__indicator__separator,.e-form__indicators--type-number_text .e-form__indicators__indicator__separator{margin-top:calc(var(--e-form-steps-indicator-padding, 30px) \/ 2 - var(--e-form-steps-divider-width, 1px) \/ 2)}.elementor-field-type-hidden{display:none}.elementor-field-type-html{display:inline-block}.elementor-login .elementor-lost-password,.elementor-login .elementor-remember-me{font-size:.85em}.elementor-field-type-recaptcha_v3 .elementor-field-label{display:none}.elementor-field-type-recaptcha_v3 .grecaptcha-badge{z-index:1}.elementor-button .elementor-form-spinner{order:3}.elementor-form .elementor-button>span{display:flex;justify-content:center;align-items:center}.elementor-form .elementor-button .elementor-button-text{white-space:normal;flex-grow:0}.elementor-form .elementor-button svg{height:auto}.elementor-form .elementor-button .e-font-icon-svg{height:1em}.elementor-select-wrapper .select-caret-down-wrapper{position:absolute;top:50%;transform:translateY(-50%);inset-inline-end:10px;pointer-events:none;font-size:11px}.elementor-select-wrapper .select-caret-down-wrapper svg{display:unset;width:1em;aspect-ratio:unset;fill:currentColor}.elementor-select-wrapper .select-caret-down-wrapper i{font-size:19px;line-height:2}.elementor-select-wrapper.remove-before:before{content:\"\"!important}<\/style>\t\t<form class=\"elementor-form\" method=\"post\" id=\"agendamento_cardiovida\" name=\"Formul\u00e1rio de agendamento\">\n\t\t\t<input type=\"hidden\" name=\"post_id\" value=\"18\"\/>\n\t\t\t<input type=\"hidden\" name=\"form_id\" value=\"f4463d8\"\/>\n\t\t\t<input type=\"hidden\" name=\"referer_title\" value=\"\" \/>\n\n\t\t\t\n\t\t\t<div class=\"ele-extensions-hide-form elementor-form-fields-wrapper elementor-labels-above\">\n\t\t\t\t\t\t\t\t<div class=\"elementor-field-type-text elementor-field-group elementor-column elementor-field-group-name elementor-col-50 elementor-field-required\">\n\t\t\t\t\t\t\t\t\t\t\t\t<label for=\"form-field-name\" class=\"elementor-field-label\">\n\t\t\t\t\t\t\t\tName\t\t\t\t\t\t\t<\/label>\n\t\t\t\t\t\t\t\t\t\t\t\t\t\t<input size=\"1\" type=\"text\" name=\"form_fields[name]\" id=\"form-field-name\" class=\"elementor-field elementor-size-md  elementor-field-textual\" placeholder=\"Name\" required=\"required\" aria-required=\"true\">\n\t\t\t\t\t\t\t\t\t\t\t<\/div>\n\t\t\t\t\t\t\t\t<div class=\"elementor-field-type-text elementor-field-group elementor-column elementor-field-group-field_c470b4b elementor-col-50 elementor-field-required\">\n\t\t\t\t\t\t\t\t\t\t\t\t<label for=\"form-field-field_c470b4b\" class=\"elementor-field-label\">\n\t\t\t\t\t\t\t\tTelefone\t\t\t\t\t\t\t<\/label>\n\t\t\t\t\t\t\t\t\t\t\t\t\t\t<input size=\"1\" type=\"text\" name=\"form_fields[field_c470b4b]\" id=\"form-field-field_c470b4b\" class=\"elementor-field elementor-size-md  elementor-field-textual\" placeholder=\"Telefone\" required=\"required\" aria-required=\"true\">\n\t\t\t\t\t\t\t\t\t\t\t<\/div>\n\t\t\t\t\t\t\t\t<div class=\"elementor-field-type-select elementor-field-group elementor-column elementor-field-group-field_2ee7521 elementor-col-50 elementor-field-required\">\n\t\t\t\t\t\t\t\t\t\t\t\t<label for=\"form-field-field_2ee7521\" class=\"elementor-field-label\">\n\t\t\t\t\t\t\t\tConv\u00eanio\t\t\t\t\t\t\t<\/label>\n\t\t\t\t\t\t\t\t<div class=\"elementor-field elementor-select-wrapper remove-before \">\n\t\t\t<div class=\"select-caret-down-wrapper\">\n\t\t\t\t<i aria-hidden=\"true\" class=\"eicon-caret-down\"><\/i>\t\t\t<\/div>\n\t\t\t<select name=\"form_fields[field_2ee7521]\" id=\"form-field-field_2ee7521\" class=\"elementor-field-textual elementor-size-md\" required=\"required\" aria-required=\"true\">\n\t\t\t\t\t\t\t\t\t<option value=\"Sem Convenio\">Sem Convenio<\/option>\n\t\t\t\t\t\t\t\t\t<option value=\"AFEB BRASAL\">AFEB BRASAL<\/option>\n\t\t\t\t\t\t\t\t\t<option value=\"AFFEGO\">AFFEGO<\/option>\n\t\t\t\t\t\t\t\t\t<option value=\"ALLIANZ\">ALLIANZ<\/option>\n\t\t\t\t\t\t\t\t\t<option value=\"AMIL\">AMIL<\/option>\n\t\t\t\t\t\t\t\t\t<option value=\"ASSEFAZ\">ASSEFAZ<\/option>\n\t\t\t\t\t\t\t\t\t<option value=\"ASTE\">ASTE<\/option>\n\t\t\t\t\t\t\t\t\t<option value=\"BACEN\">BACEN<\/option>\n\t\t\t\t\t\t\t\t\t<option value=\"BRADESCO\">BRADESCO<\/option>\n\t\t\t\t\t\t\t\t\t<option value=\"BRB SAUDE\">BRB SAUDE<\/option>\n\t\t\t\t\t\t\t\t\t<option value=\"CAESAN\">CAESAN<\/option>\n\t\t\t\t\t\t\t\t\t<option value=\"CAMED SAUDE\">CAMED SAUDE<\/option>\n\t\t\t\t\t\t\t\t\t<option value=\"CAPESAUDE\">CAPESAUDE<\/option>\n\t\t\t\t\t\t\t\t\t<option value=\"CAREPLUS\">CAREPLUS<\/option>\n\t\t\t\t\t\t\t\t\t<option value=\"CASEBRAPA\">CASEBRAPA<\/option>\n\t\t\t\t\t\t\t\t\t<option value=\"CASEC\">CASEC<\/option>\n\t\t\t\t\t\t\t\t\t<option value=\"CASSI\">CASSI<\/option>\n\t\t\t\t\t\t\t\t\t<option value=\"CBMDF\">CBMDF<\/option>\n\t\t\t\t\t\t\t\t\t<option value=\"CNTI\">CNTI<\/option>\n\t\t\t\t\t\t\t\t\t<option value=\"CONAB\">CONAB<\/option>\n\t\t\t\t\t\t\t\t\t<option value=\"E VIDA ELETRONORTE\">E VIDA ELETRONORTE<\/option>\n\t\t\t\t\t\t\t\t\t<option value=\"EMBRATEL\">EMBRATEL<\/option>\n\t\t\t\t\t\t\t\t\t<option value=\"FAPES BNDES\">FAPES BNDES<\/option>\n\t\t\t\t\t\t\t\t\t<option value=\"FASCAL\">FASCAL<\/option>\n\t\t\t\t\t\t\t\t\t<option value=\"FUSMA\">FUSMA<\/option>\n\t\t\t\t\t\t\t\t\t<option value=\"GAMA SAUDE\">GAMA SAUDE<\/option>\n\t\t\t\t\t\t\t\t\t<option value=\"GDF INAS\">GDF INAS<\/option>\n\t\t\t\t\t\t\t\t\t<option value=\"GEAP\">GEAP<\/option>\n\t\t\t\t\t\t\t\t\t<option value=\"GRAVIA\">GRAVIA<\/option>\n\t\t\t\t\t\t\t\t\t<option value=\"LIFE SAUDE\">LIFE SAUDE<\/option>\n\t\t\t\t\t\t\t\t\t<option value=\"MEDSENIOR\">MEDSENIOR<\/option>\n\t\t\t\t\t\t\t\t\t<option value=\"NOTREDAME INTERMEDICA\">NOTREDAME INTERMEDICA<\/option>\n\t\t\t\t\t\t\t\t\t<option value=\"OMINT SAUDE\">OMINT SAUDE<\/option>\n\t\t\t\t\t\t\t\t\t<option value=\"PF SAUDE POLICIAL FEDERAL \">PF SAUDE POLICIAL FEDERAL <\/option>\n\t\t\t\t\t\t\t\t\t<option value=\"PLAN SAUDE\">PLAN SAUDE<\/option>\n\t\t\t\t\t\t\t\t\t<option value=\"PMDF\">PMDF<\/option>\n\t\t\t\t\t\t\t\t\t<option value=\"PORTO SEGURO\">PORTO SEGURO<\/option>\n\t\t\t\t\t\t\t\t\t<option value=\"POSTAL SAUDE\">POSTAL SAUDE<\/option>\n\t\t\t\t\t\t\t\t\t<option value=\"PRO SAUDE CAMERA DOS DEPUTADOS\">PRO SAUDE CAMERA DOS DEPUTADOS<\/option>\n\t\t\t\t\t\t\t\t\t<option value=\"PRO SAUDE TJDF\">PRO SAUDE TJDF<\/option>\n\t\t\t\t\t\t\t\t\t<option value=\"PRO SER STJ\">PRO SER STJ<\/option>\n\t\t\t\t\t\t\t\t\t<option value=\"PRO SOCIAL TRF\">PRO SOCIAL TRF<\/option>\n\t\t\t\t\t\t\t\t\t<option value=\"PROASA\">PROASA<\/option>\n\t\t\t\t\t\t\t\t\t<option value=\"SAUDE CAIXA\">SAUDE CAIXA<\/option>\n\t\t\t\t\t\t\t\t\t<option value=\"SAUDE PETROBRAS \">SAUDE PETROBRAS <\/option>\n\t\t\t\t\t\t\t\t\t<option value=\"SERPRO\">SERPRO<\/option>\n\t\t\t\t\t\t\t\t\t<option value=\"SIS SENADO\">SIS SENADO<\/option>\n\t\t\t\t\t\t\t\t\t<option value=\"SMILE\">SMILE<\/option>\n\t\t\t\t\t\t\t\t\t<option value=\"STFMED\">STFMED<\/option>\n\t\t\t\t\t\t\t\t\t<option value=\"SULAMERICA\">SULAMERICA<\/option>\n\t\t\t\t\t\t\t\t\t<option value=\"TRT SAUDE\">TRT SAUDE<\/option>\n\t\t\t\t\t\t\t\t\t<option value=\"TST SAUDE\">TST SAUDE<\/option>\n\t\t\t\t\t\t\t\t\t<option value=\"UNAFISCO\">UNAFISCO<\/option>\n\t\t\t\t\t\t\t\t\t<option value=\"UNIMED\">UNIMED<\/option>\n\t\t\t\t\t\t\t\t\t<option value=\"VITALLIS\">VITALLIS<\/option>\n\t\t\t\t\t\t\t<\/select>\n\t\t<\/div>\n\t\t\t\t\t\t<\/div>\n\t\t\t\t\t\t\t\t<div class=\"elementor-field-type-select elementor-field-group elementor-column elementor-field-group-field_b3c6b2b elementor-col-50\">\n\t\t\t\t\t\t\t\t\t\t\t\t<label for=\"form-field-field_b3c6b2b\" class=\"elementor-field-label\">\n\t\t\t\t\t\t\t\tExame\t\t\t\t\t\t\t<\/label>\n\t\t\t\t\t\t\t\t<div class=\"elementor-field elementor-select-wrapper remove-before \">\n\t\t\t<div class=\"select-caret-down-wrapper\">\n\t\t\t\t<i aria-hidden=\"true\" class=\"eicon-caret-down\"><\/i>\t\t\t<\/div>\n\t\t\t<select name=\"form_fields[field_b3c6b2b]\" id=\"form-field-field_b3c6b2b\" class=\"elementor-field-textual elementor-size-md\">\n\t\t\t\t\t\t\t\t\t<option value=\"Selecione aqui o exame\">Selecione aqui o exame<\/option>\n\t\t\t\t\t\t\t\t\t<option value=\"ECG\">ECG<\/option>\n\t\t\t\t\t\t\t\t\t<option value=\"MAPA\">MAPA<\/option>\n\t\t\t\t\t\t\t\t\t<option value=\"HOLTER\">HOLTER<\/option>\n\t\t\t\t\t\t\t\t\t<option value=\"ECOCARDIOGRAMA\">ECOCARDIOGRAMA<\/option>\n\t\t\t\t\t\t\t\t\t<option value=\"ECOCARDIOGRAMA FETAL\">ECOCARDIOGRAMA FETAL<\/option>\n\t\t\t\t\t\t\t\t\t<option value=\"TESTE ERGOM\u00c9TRICO\">TESTE ERGOM\u00c9TRICO<\/option>\n\t\t\t\t\t\t\t\t\t<option value=\"ECODOPPLER DE CAR\u00d3TIDAS E V\u00c9RTEBRAS\">ECODOPPLER DE CAR\u00d3TIDAS E V\u00c9RTEBRAS<\/option>\n\t\t\t\t\t\t\t\t\t<option value=\"ECOCARDIOGRAMA VENOSO E ARTERIAL\">ECOCARDIOGRAMA VENOSO E ARTERIAL<\/option>\n\t\t\t\t\t\t\t\t\t<option value=\"AORTA ILIACAS E RENAIS\">AORTA ILIACAS E RENAIS<\/option>\n\t\t\t\t\t\t\t<\/select>\n\t\t<\/div>\n\t\t\t\t\t\t<\/div>\n\t\t\t\t\t\t\t\t<div class=\"elementor-field-type-select elementor-field-group elementor-column elementor-field-group-field_175ac90 elementor-col-50\">\n\t\t\t\t\t\t\t\t\t\t\t\t<label for=\"form-field-field_175ac90\" class=\"elementor-field-label\">\n\t\t\t\t\t\t\t\tConsulta\t\t\t\t\t\t\t<\/label>\n\t\t\t\t\t\t\t\t<div class=\"elementor-field elementor-select-wrapper remove-before \">\n\t\t\t<div class=\"select-caret-down-wrapper\">\n\t\t\t\t<i aria-hidden=\"true\" class=\"eicon-caret-down\"><\/i>\t\t\t<\/div>\n\t\t\t<select name=\"form_fields[field_175ac90]\" id=\"form-field-field_175ac90\" class=\"elementor-field-textual elementor-size-md\">\n\t\t\t\t\t\t\t\t\t<option value=\"Sem Consulta\">Sem Consulta<\/option>\n\t\t\t\t\t\t\t\t\t<option value=\"Cardiologia\">Cardiologia<\/option>\n\t\t\t\t\t\t\t\t\t<option value=\"Nutri\u00e7\u00e3o\">Nutri\u00e7\u00e3o<\/option>\n\t\t\t\t\t\t\t\t\t<option value=\"Angiologia\">Angiologia<\/option>\n\t\t\t\t\t\t\t\t\t<option value=\"Arritmologia\">Arritmologia<\/option>\n\t\t\t\t\t\t\t<\/select>\n\t\t<\/div>\n\t\t\t\t\t\t<\/div>\n\t\t\t\t\t\t\t\t<div class=\"elementor-field-type-upload elementor-field-group elementor-column elementor-field-group-field_4a6057a elementor-col-50\">\n\t\t\t\t\t\t\t\t\t\t\t\t<label for=\"form-field-field_4a6057a\" class=\"elementor-field-label\">\n\t\t\t\t\t\t\t\tPedido de exame (N\u00e3o obrigat\u00f3rio)\t\t\t\t\t\t\t<\/label>\n\t\t\t\t\t\t\t\t<input type=\"file\" name=\"form_fields[field_4a6057a]\" id=\"form-field-field_4a6057a\" class=\"elementor-field elementor-size-md  elementor-upload-field\" data-maxsize=\"10\" data-maxsize-message=\"This file exceeds the maximum allowed size.\">\n\n\t\t\t\t\t\t<\/div>\n\t\t\t\t\t\t\t\t<div class=\"elementor-field-group elementor-column elementor-field-type-submit elementor-col-100 e-form__buttons\">\n\t\t\t\t\t<button type=\"submit\" class=\"elementor-button elementor-size-sm\">\n\t\t\t\t\t\t<span >\n\t\t\t\t\t\t\t\t\t\t\t\t\t\t\t<span class=\" elementor-button-icon\">\n\t\t\t\t\t\t\t\t\t\t\t\t\t\t\t\t\t\t\t\t\t\t\t\t\t\t<\/span>\n\t\t\t\t\t\t\t\t\t\t\t\t\t\t\t\t\t\t\t\t\t\t<span class=\"elementor-button-text\">ENVIAR PARA WHATSAPP<\/span>\n\t\t\t\t\t\t\t\t\t\t\t\t\t<\/span>\n\t\t\t\t\t<\/button>\n\t\t\t\t<\/div>\n\t\t\t<\/div>\n\t\t<\/form>\n\t\t\t\t<\/div>\n\t\t\t\t<\/div>\n\t\t\t\t<div class=\"elementor-element elementor-element-6c1e6ba elementor-widget elementor-widget-text-editor\" data-id=\"6c1e6ba\" data-element_type=\"widget\" data-widget_type=\"text-editor.default\">\n\t\t\t\t<div class=\"elementor-widget-container\">\n\t\t\t\t\t\t\t<p>AP\u00d3S O ENVIO O TEMPO DE RESPOSTA \u00c9 DE NO M\u00c1XIMO AT\u00c9 2 HORAS EM DIAS \u00daTEIS.<\/p>\t\t\t\t\t\t<\/div>\n\t\t\t\t<\/div>\n\t\t\t\t\t<\/div>\n\t\t<\/div>\n\t\t\t\t\t\t\t<\/div>\n\t\t<\/section>\n\t\t\t\t\t\t\t<\/div>\n\t\t","protected":false},"excerpt":{"rendered":"<p>AGENDAMENTO Entre em contato com nossa equipe para fazer o seu agendamento Agendar via whatsapp AP\u00d3S O ENVIO O TEMPO DE RESPOSTA \u00c9 DE NO M\u00c1XIMO AT\u00c9 2 HORAS EM DIAS \u00daTEIS.<\/p>\n","protected":false},"author":1,"featured_media":0,"parent":0,"menu_order":0,"comment_status":"closed","ping_status":"closed","template":"elementor_header_footer","meta":{"footnotes":"","_joinchat":[]},"_links":{"self":[{"href":"https:\/\/cardiovidadf.com.br\/index.php?rest_route=\/wp\/v2\/pages\/18"}],"collection":[{"href":"https:\/\/cardiovidadf.com.br\/index.php?rest_route=\/wp\/v2\/pages"}],"about":[{"href":"https:\/\/cardiovidadf.com.br\/index.php?rest_route=\/wp\/v2\/types\/page"}],"author":[{"embeddable":true,"href":"https:\/\/cardiovidadf.com.br\/index.php?rest_route=\/wp\/v2\/users\/1"}],"replies":[{"embeddable":true,"href":"https:\/\/cardiovidadf.com.br\/index.php?rest_route=%2Fwp%2Fv2%2Fcomments&post=18"}],"version-history":[{"count":23,"href":"https:\/\/cardiovidadf.com.br\/index.php?rest_route=\/wp\/v2\/pages\/18\/revisions"}],"predecessor-version":[{"id":448,"href":"https:\/\/cardiovidadf.com.br\/index.php?rest_route=\/wp\/v2\/pages\/18\/revisions\/448"}],"wp:attachment":[{"href":"https:\/\/cardiovidadf.com.br\/index.php?rest_route=%2Fwp%2Fv2%2Fmedia&parent=18"}],"curies":[{"name":"wp","href":"https:\/\/api.w.org\/{rel}","templated":true}]}}